{"id":15,"date":"2019-03-25T19:33:38","date_gmt":"2019-03-25T18:33:38","guid":{"rendered":"http:\/\/babakmani.fr\/fr\/?page_id=15"},"modified":"2025-05-28T14:47:59","modified_gmt":"2025-05-28T12:47:59","slug":"about","status":"publish","type":"page","link":"https:\/\/babakmani.fr\/fr\/about\/","title":{"rendered":"about"},"content":{"rendered":"<p style=\"text-align: left;\">Il y a quelque chose de sacr\u00e9 dans le fait de capturer un instant o\u00f9 l&#8217;on se d\u00e9couvre v\u00e9ritablement. Dans les portraits et\u00a0 cr\u00e9ations de mode de Babak, il tente de transformer cette silencieuse devient po\u00e9sie visuelle, o\u00f9 le sentiment prend forme et la pr\u00e9sence devient intemporelle.<\/p>\n<p style=\"text-align: left;\">Les visages apparaissent non seulement tels qu&#8217;ils sont, mais tels qu&#8217;on les retient, douces traces de lumi\u00e8re, de pens\u00e9e et d&#8217;\u00e9motion. Dans chaque portrait, on per\u00e7oit une d\u00e9votion silencieuse au monde int\u00e9rieur des femmes. Leur pr\u00e9sence est complexe, \u00e0 la fois d\u00e9licate et inflexible. Le f\u00e9minin n&#8217;est plus un sujet, mais une force, se d\u00e9ployant \u00e0 travers l&#8217;expression, le geste et l&#8217;atmosph\u00e8re. Son identit\u00e9 vit sous le visible, tiss\u00e9e dans le silence, la force, la vuln\u00e9rabilit\u00e9 et ce qu&#8217;elle choisit de taire, leurs histoires racont\u00e9es sans mots.<\/p>\n<p style=\"text-align: left;\">Forme et texture suivent l&#8217;\u00e9motion. Ce qui est port\u00e9 s&#8217;int\u00e8gre au langage non-dit, forme, mouvement et mati\u00e8re, comme une extension silencieuse de soi.<\/p>\n<p style=\"text-align: left;\">Il en r\u00e9sulte une sorte d&#8217;immobilit\u00e9 persistante, attirant le spectateur vers l&#8217;int\u00e9rieur. Il n&#8217;y a ni insistance, ni bruit. Juste la suggestion de quelque chose de plus profond, un regard, une pr\u00e9sence, un espace entre les deux. Intemporelle dans son \u00e9l\u00e9gance, mais \u00e9veill\u00e9e au pr\u00e9sent, l&#8217;\u0153uvre laisse derri\u00e8re elle plus qu&#8217;une image- elle laisse.<!--\/data\/user\/0\/com.samsung.android.app.notes\/files\/clipdata\/clipdata_bodytext_250528_114047_918.sdocx--><\/p>\n","protected":false},"excerpt":{"rendered":"<p>Il y a quelque chose de sacr\u00e9 dans le fait de capturer un instant o\u00f9 l&#8217;on se d\u00e9couvre v\u00e9ritablement. Dans les portraits et\u00a0 cr\u00e9ations de mode de Babak, il tente de transformer cette silencieuse devient po\u00e9sie visuelle, o\u00f9 le sentiment prend forme et la pr\u00e9sence devient intemporelle. Les visages apparaissent non seulement tels qu&#8217;ils sont, [&hellip;]<\/p>\n","protected":false},"author":1,"featured_media":863,"parent":0,"menu_order":0,"comment_status":"closed","ping_status":"closed","template":"about.php","meta":{"footnotes":""},"class_list":["post-15","page","type-page","status-publish","has-post-thumbnail","hentry"],"yoast_head":"<!-- This site is optimized with the Yoast SEO plugin v21.1 - https:\/\/yoast.com\/wordpress\/plugins\/seo\/ -->\n<title>about - Babak Mani :: Photographe Portraitiste<\/title>\n<meta name=\"robots\" content=\"index, follow, max-snippet:-1, max-image-preview:large, max-video-preview:-1\" \/>\n<link rel=\"canonical\" href=\"https:\/\/babakmani.fr\/fr\/about\/\" \/>\n<meta property=\"og:locale\" content=\"fa_IR\" \/>\n<meta property=\"og:type\" content=\"article\" \/>\n<meta property=\"og:title\" content=\"about - Babak Mani :: Photographe Portraitiste\" \/>\n<meta property=\"og:description\" content=\"Il y a quelque chose de sacr\u00e9 dans le fait de capturer un instant o\u00f9 l&#8217;on se d\u00e9couvre v\u00e9ritablement. Dans les portraits et\u00a0 cr\u00e9ations de mode de Babak, il tente de transformer cette silencieuse devient po\u00e9sie visuelle, o\u00f9 le sentiment prend forme et la pr\u00e9sence devient intemporelle. Les visages apparaissent non seulement tels qu&#8217;ils sont, [&hellip;]\" \/>\n<meta property=\"og:url\" content=\"https:\/\/babakmani.fr\/fr\/about\/\" \/>\n<meta property=\"og:site_name\" content=\"Babak Mani :: Photographe Portraitiste\" \/>\n<meta property=\"article:modified_time\" content=\"2025-05-28T12:47:59+00:00\" \/>\n<meta property=\"og:image\" content=\"https:\/\/babakmani.fr\/fr\/wp-content\/uploads\/2022\/06\/selfy-.jpeg\" \/>\n\t<meta property=\"og:image:width\" content=\"1326\" \/>\n\t<meta property=\"og:image:height\" content=\"1817\" \/>\n\t<meta property=\"og:image:type\" content=\"image\/jpeg\" \/>\n<meta name=\"twitter:card\" content=\"summary_large_image\" \/>\n<meta name=\"twitter:label1\" content=\"\u0632\u0645\u0627\u0646 \u062a\u0642\u0631\u06cc\u0628\u06cc \u0628\u0631\u0627\u06cc \u062e\u0648\u0627\u0646\u062f\u0646\" \/>\n\t<meta name=\"twitter:data1\" content=\"2 \u062f\u0642\u06cc\u0642\u0647\" \/>\n<script type=\"application\/ld+json\" class=\"yoast-schema-graph\">{\"@context\":\"https:\/\/schema.org\",\"@graph\":[{\"@type\":\"WebPage\",\"@id\":\"https:\/\/babakmani.fr\/fr\/about\/\",\"url\":\"https:\/\/babakmani.fr\/fr\/about\/\",\"name\":\"about - Babak Mani :: Photographe Portraitiste\",\"isPartOf\":{\"@id\":\"https:\/\/babakmani.fr\/fr\/#website\"},\"datePublished\":\"2019-03-25T18:33:38+00:00\",\"dateModified\":\"2025-05-28T12:47:59+00:00\",\"breadcrumb\":{\"@id\":\"https:\/\/babakmani.fr\/fr\/about\/#breadcrumb\"},\"inLanguage\":\"fa-IR\",\"potentialAction\":[{\"@type\":\"ReadAction\",\"target\":[\"https:\/\/babakmani.fr\/fr\/about\/\"]}]},{\"@type\":\"BreadcrumbList\",\"@id\":\"https:\/\/babakmani.fr\/fr\/about\/#breadcrumb\",\"itemListElement\":[{\"@type\":\"ListItem\",\"position\":1,\"name\":\"\u062e\u0627\u0646\u0647\",\"item\":\"https:\/\/babakmani.fr\/fr\/\"},{\"@type\":\"ListItem\",\"position\":2,\"name\":\"about\"}]},{\"@type\":\"WebSite\",\"@id\":\"https:\/\/babakmani.fr\/fr\/#website\",\"url\":\"https:\/\/babakmani.fr\/fr\/\",\"name\":\"Babak Mani :: Photographe Portraitiste\",\"description\":\"Le photographe\",\"publisher\":{\"@id\":\"https:\/\/babakmani.fr\/fr\/#organization\"},\"potentialAction\":[{\"@type\":\"SearchAction\",\"target\":{\"@type\":\"EntryPoint\",\"urlTemplate\":\"https:\/\/babakmani.fr\/fr\/?s={search_term_string}\"},\"query-input\":\"required name=search_term_string\"}],\"inLanguage\":\"fa-IR\"},{\"@type\":\"Organization\",\"@id\":\"https:\/\/babakmani.fr\/fr\/#organization\",\"name\":\"Babak Mani :: Photographe Portraitiste\",\"url\":\"https:\/\/babakmani.fr\/fr\/\",\"logo\":{\"@type\":\"ImageObject\",\"inLanguage\":\"fa-IR\",\"@id\":\"https:\/\/babakmani.fr\/fr\/#\/schema\/logo\/image\/\",\"url\":\"https:\/\/babakmani.fr\/fr\/wp-content\/uploads\/2022\/12\/logo.jpeg\",\"contentUrl\":\"https:\/\/babakmani.fr\/fr\/wp-content\/uploads\/2022\/12\/logo.jpeg\",\"width\":350,\"height\":95,\"caption\":\"Babak Mani :: Photographe Portraitiste\"},\"image\":{\"@id\":\"https:\/\/babakmani.fr\/fr\/#\/schema\/logo\/image\/\"},\"sameAs\":[\"https:\/\/www.instagram.com\/babakmani\"]}]}<\/script>\n<!-- \/ Yoast SEO plugin. -->","yoast_head_json":{"title":"about - Babak Mani :: Photographe Portraitiste","robots":{"index":"index","follow":"follow","max-snippet":"max-snippet:-1","max-image-preview":"max-image-preview:large","max-video-preview":"max-video-preview:-1"},"canonical":"https:\/\/babakmani.fr\/fr\/about\/","og_locale":"fa_IR","og_type":"article","og_title":"about - Babak Mani :: Photographe Portraitiste","og_description":"Il y a quelque chose de sacr\u00e9 dans le fait de capturer un instant o\u00f9 l&#8217;on se d\u00e9couvre v\u00e9ritablement. Dans les portraits et\u00a0 cr\u00e9ations de mode de Babak, il tente de transformer cette silencieuse devient po\u00e9sie visuelle, o\u00f9 le sentiment prend forme et la pr\u00e9sence devient intemporelle. Les visages apparaissent non seulement tels qu&#8217;ils sont, [&hellip;]","og_url":"https:\/\/babakmani.fr\/fr\/about\/","og_site_name":"Babak Mani :: Photographe Portraitiste","article_modified_time":"2025-05-28T12:47:59+00:00","og_image":[{"width":1326,"height":1817,"url":"https:\/\/babakmani.fr\/fr\/wp-content\/uploads\/2022\/06\/selfy-.jpeg","type":"image\/jpeg"}],"twitter_card":"summary_large_image","twitter_misc":{"\u0632\u0645\u0627\u0646 \u062a\u0642\u0631\u06cc\u0628\u06cc \u0628\u0631\u0627\u06cc \u062e\u0648\u0627\u0646\u062f\u0646":"2 \u062f\u0642\u06cc\u0642\u0647"},"schema":{"@context":"https:\/\/schema.org","@graph":[{"@type":"WebPage","@id":"https:\/\/babakmani.fr\/fr\/about\/","url":"https:\/\/babakmani.fr\/fr\/about\/","name":"about - Babak Mani :: Photographe Portraitiste","isPartOf":{"@id":"https:\/\/babakmani.fr\/fr\/#website"},"datePublished":"2019-03-25T18:33:38+00:00","dateModified":"2025-05-28T12:47:59+00:00","breadcrumb":{"@id":"https:\/\/babakmani.fr\/fr\/about\/#breadcrumb"},"inLanguage":"fa-IR","potentialAction":[{"@type":"ReadAction","target":["https:\/\/babakmani.fr\/fr\/about\/"]}]},{"@type":"BreadcrumbList","@id":"https:\/\/babakmani.fr\/fr\/about\/#breadcrumb","itemListElement":[{"@type":"ListItem","position":1,"name":"\u062e\u0627\u0646\u0647","item":"https:\/\/babakmani.fr\/fr\/"},{"@type":"ListItem","position":2,"name":"about"}]},{"@type":"WebSite","@id":"https:\/\/babakmani.fr\/fr\/#website","url":"https:\/\/babakmani.fr\/fr\/","name":"Babak Mani :: Photographe Portraitiste","description":"Le photographe","publisher":{"@id":"https:\/\/babakmani.fr\/fr\/#organization"},"potentialAction":[{"@type":"SearchAction","target":{"@type":"EntryPoint","urlTemplate":"https:\/\/babakmani.fr\/fr\/?s={search_term_string}"},"query-input":"required name=search_term_string"}],"inLanguage":"fa-IR"},{"@type":"Organization","@id":"https:\/\/babakmani.fr\/fr\/#organization","name":"Babak Mani :: Photographe Portraitiste","url":"https:\/\/babakmani.fr\/fr\/","logo":{"@type":"ImageObject","inLanguage":"fa-IR","@id":"https:\/\/babakmani.fr\/fr\/#\/schema\/logo\/image\/","url":"https:\/\/babakmani.fr\/fr\/wp-content\/uploads\/2022\/12\/logo.jpeg","contentUrl":"https:\/\/babakmani.fr\/fr\/wp-content\/uploads\/2022\/12\/logo.jpeg","width":350,"height":95,"caption":"Babak Mani :: Photographe Portraitiste"},"image":{"@id":"https:\/\/babakmani.fr\/fr\/#\/schema\/logo\/image\/"},"sameAs":["https:\/\/www.instagram.com\/babakmani"]}]}},"_links":{"self":[{"href":"https:\/\/babakmani.fr\/fr\/wp-json\/wp\/v2\/pages\/15","targetHints":{"allow":["GET"]}}],"collection":[{"href":"https:\/\/babakmani.fr\/fr\/wp-json\/wp\/v2\/pages"}],"about":[{"href":"https:\/\/babakmani.fr\/fr\/wp-json\/wp\/v2\/types\/page"}],"author":[{"embeddable":true,"href":"https:\/\/babakmani.fr\/fr\/wp-json\/wp\/v2\/users\/1"}],"replies":[{"embeddable":true,"href":"https:\/\/babakmani.fr\/fr\/wp-json\/wp\/v2\/comments?post=15"}],"version-history":[{"count":58,"href":"https:\/\/babakmani.fr\/fr\/wp-json\/wp\/v2\/pages\/15\/revisions"}],"predecessor-version":[{"id":52,"href":"https:\/\/babakmani.fr\/fr\/wp-json\/wp\/v2\/pages\/15\/revisions\/52"}],"wp:featuredmedia":[{"embeddable":true,"href":"https:\/\/babakmani.fr\/fr\/wp-json\/wp\/v2\/media\/863"}],"wp:attachment":[{"href":"https:\/\/babakmani.fr\/fr\/wp-json\/wp\/v2\/media?parent=15"}],"curies":[{"name":"wp","href":"https:\/\/api.w.org\/{rel}","templated":true}]}}